{"id":8,"date":"2018-08-17T21:59:16","date_gmt":"2018-08-17T21:59:16","guid":{"rendered":"http:\/\/mgbpsychology.com\/?page_id=8"},"modified":"2018-10-04T09:08:26","modified_gmt":"2018-10-04T12:08:26","slug":"about","status":"publish","type":"page","link":"http:\/\/mgbpsychology.com\/fr\/about\/","title":{"rendered":"About Michelle"},"content":{"rendered":"<p>[vc_row][vc_column width=&#8221;1\/4&#8243; css=&#8221;.vc_custom_1537055944486{padding-left: 50px !important;}&#8221;][vc_single_image image=&#8221;194&#8243; img_size=&#8221;large&#8221;][\/vc_column][vc_column width=&#8221;3\/4&#8243; css=&#8221;.vc_custom_1537055957345{padding-top: 50px !important;}&#8221;][vc_column_text]Michelle Gauthier Belliveau est une dipl\u00f4m\u00e9e de l\u2019Universit\u00e9 de Moncton, ayant obtenu la ma\u00eetrise en psychologie en 2003.\u00a0 Elle est psychologue attitr\u00e9e depuis novembre 2007.<\/p>\n<p>Apr\u00e8s avoir \u0153uvr\u00e9 (services de consultation, th\u00e9rapie et \u00e9valuation) dans le milieu scolaire, dans le milieu de la Sant\u00e9 Mentale sur l\u2019\u00e9quipe enfants-adolescents et apr\u00e8s avoir travaill\u00e9 \u00e0 l\u2019Unit\u00e9 P\u00e9dopsychiatrique Provinciale (PCAPU), Michelle s\u2019est lanc\u00e9e dans le domaine des services psychologiques priv\u00e9s depuis 2009.\u00a0 Elle continue de s\u2019int\u00e9resser aux jeunes \u00e9galement \u00e0 la population adulte depuis 9 ans.<\/p>\n<p>Comme psychologue, Michelle s\u2019inspire entre autres de l\u2019Approche cognitive-b\u00e9haviorale, des strat\u00e9gies de pleine conscience et de la Th\u00e9rapie d\u2019acceptation et d\u2019engagement afin de travailler en collaboration avec ses clients afin de leur guider activement dans leur mieux-\u00eatre personnel. Pour en conna\u00eetre d\u2019avantage sur les services offerts, <a href=\"http:\/\/www.mgbpsychology.com\/fr\/services\/\">cliquez ici<\/a>.[\/vc_column_text][\/vc_column][\/vc_row][vc_row gap=&#8221;10&#8243;][vc_column width=&#8221;1\/2&#8243; css=&#8221;.vc_custom_1536105855048{padding-left: 70px !important;}&#8221;][vc_column_text]<strong>Entre autres, les domaines d\u2019int\u00e9r\u00eats chez les enfants\/adolescents\u00a0:<\/strong><\/p>\n<ul>\n<li>Anxi\u00e9t\u00e9<\/li>\n<li>Autisme<\/li>\n<li>D\u00e9pression<\/li>\n<li>Deuil<\/li>\n<li>Gestion de la col\u00e8re<\/li>\n<li>Identit\u00e9 et estime de soi<\/li>\n<li>Image du corps<\/li>\n<li>Impact de la s\u00e9paration\/divorce<\/li>\n<li>Probl\u00e8mes de comportement<\/li>\n<li>Trouble d\u00e9ficitaire de l\u2019attention avec hyperactivit\u00e9<\/li>\n<li>Trouble de l\u2019ajustement<\/li>\n<li>Trouble obsessif compulsif<\/li>\n<\/ul>\n<p>[\/vc_column_text][\/vc_column][vc_column width=&#8221;1\/2&#8243; css=&#8221;.vc_custom_1536105782816{padding-right: 30px !important;padding-left: 60px !important;}&#8221;][vc_column_text]<strong>Entre autres, les domaines d\u2019int\u00e9r\u00eats chez les adultes\u00a0:<\/strong><\/p>\n<ul>\n<li>Anxi\u00e9t\u00e9<\/li>\n<li>Autisme<\/li>\n<li>D\u00e9pression<\/li>\n<li>Deuil<\/li>\n<li>Gestion de la col\u00e8re<\/li>\n<li>Identit\u00e9 et estime de soi<\/li>\n<li>Habilet\u00e9s parentales<\/li>\n<li>Probl\u00e8mes de couple (\u00e0 l\u2019individuel)<\/li>\n<li>Trouble d\u00e9ficitaire de l\u2019attention avec hyperactivit\u00e9<\/li>\n<li>Trouble de l\u2019adaptation<\/li>\n<li>Trouble obsessif compulsif<\/li>\n<\/ul>\n<p>[\/vc_column_text][\/vc_column][\/vc_row]<\/p>\n","protected":false},"excerpt":{"rendered":"<p>[vc_row][vc_column width=&#8221;1\/4&#8243; css=&#8221;.vc_custom_1537055944486{padding-left: 50px !important;}&#8221;][vc_single_image image=&#8221;194&#8243; img_size=&#8221;large&#8221;][\/vc_column][vc_column width=&#8221;3\/4&#8243; css=&#8221;.vc_custom_1537055957345{padding-top: 50px !important;}&#8221;][vc_column_text]Michelle Gauthier Belliveau est une dipl\u00f4m\u00e9e de l\u2019Universit\u00e9 de Moncton, ayant obtenu la ma\u00eetrise en psychologie en 2003.\u00a0 Elle est psychologue attitr\u00e9e depuis novembre 2007. Apr\u00e8s avoir \u0153uvr\u00e9 (services de consultation, th\u00e9rapie et \u00e9valuation) dans le milieu scolaire, dans le milieu de la Sant\u00e9 Mentale <a href=\"http:\/\/mgbpsychology.com\/fr\/about\/\" rel=\"nofollow\"><span class=\"sr-only\">Read more about About Michelle<\/span>[&hellip;]<\/a><\/p>\n","protected":false},"author":1,"featured_media":0,"parent":0,"menu_order":0,"comment_status":"closed","ping_status":"closed","template":"template-fullwidth-no-title.php","meta":{"footnotes":""},"translation":{"provider":"WPGlobus","version":"2.12.2","language":"fr","enabled_languages":["en","fr"],"languages":{"en":{"title":true,"content":true,"excerpt":false},"fr":{"title":false,"content":true,"excerpt":false}}},"_links":{"self":[{"href":"http:\/\/mgbpsychology.com\/fr\/wp-json\/wp\/v2\/pages\/8"}],"collection":[{"href":"http:\/\/mgbpsychology.com\/fr\/wp-json\/wp\/v2\/pages"}],"about":[{"href":"http:\/\/mgbpsychology.com\/fr\/wp-json\/wp\/v2\/types\/page"}],"author":[{"embeddable":true,"href":"http:\/\/mgbpsychology.com\/fr\/wp-json\/wp\/v2\/users\/1"}],"replies":[{"embeddable":true,"href":"http:\/\/mgbpsychology.com\/fr\/wp-json\/wp\/v2\/comments?post=8"}],"version-history":[{"count":45,"href":"http:\/\/mgbpsychology.com\/fr\/wp-json\/wp\/v2\/pages\/8\/revisions"}],"predecessor-version":[{"id":104,"href":"http:\/\/mgbpsychology.com\/fr\/wp-json\/wp\/v2\/pages\/8\/revisions\/104"}],"wp:attachment":[{"href":"http:\/\/mgbpsychology.com\/fr\/wp-json\/wp\/v2\/media?parent=8"}],"curies":[{"name":"wp","href":"https:\/\/api.w.org\/{rel}","templated":true}]}}