{"id":19,"date":"2018-08-17T22:34:11","date_gmt":"2018-08-17T22:34:11","guid":{"rendered":"http:\/\/mgbpsychology.com\/?page_id=19"},"modified":"2020-05-04T14:39:26","modified_gmt":"2020-05-04T17:39:26","slug":"services","status":"publish","type":"page","link":"http:\/\/mgbpsychology.com\/fr\/services\/","title":{"rendered":"Services"},"content":{"rendered":"<p>[vc_row][vc_column][vc_column_text]<\/p>\n<h2><strong>Processus de r\u00e9f\u00e9rence et services donn\u00e9s<\/strong><\/h2>\n<p>Michelle fournit des services bilingues aux enfants, aux adolescents et aux adultes.\u00a0 Les clients peuvent s\u2019auto-r\u00e9f\u00e9rer en laissant un message t\u00e9l\u00e9phonique, en envoyant un courriel ou en compl\u00e9tant le formulaire en ligne sur notre site web.<\/p>\n<p>Les rendez-vous peuvent habituellement \u00eatre fix\u00e9s \u00e0 tous les jours de la semaine entre 9h00 et 16h00, les heures variant d\u00e9pendant de la journ\u00e9e.\u00a0 Les sessions sont d\u2019une dur\u00e9e d\u2019une heure, soient 50 minutes de th\u00e9rapie et 10 minutes afin de faire le traitement du paiement et de fixer le prochain rendez-vous.<\/p>\n<p>Pour les jeunes \u00e2g\u00e9s de 15 ans et moins, la session sera divis\u00e9e entre le\/la client(e) et ses parents.\u00a0 Si un suivi est demand\u00e9 par un parent qui n\u2019est pas pr\u00e9sent, 15 minutes de la session seront prises afin de discuter au t\u00e9l\u00e9phone ou par courriel.\u00a0 Ce bureau ne fournit pas de services d\u2019urgence.\u00a0 <u>Si vous avez besoin d\u2019aide imm\u00e9diate, veuillez vous rendre \u00e0 l\u2019h\u00f4pital le plus pr\u00e8s de vous.<\/u><\/p>\n<h2><strong>Confidentialit\u00e9<\/strong><\/h2>\n<p>La confidentialit\u00e9 du client est respect\u00e9e en tout temps donc aucune communication sera faite avec une tierce partie sans le consentement sign\u00e9 du client (\u00e2g\u00e9 de 16 ans et plus) ou du consentement des parents.\u00a0 Toutefois, il y a des <u>limites <\/u>\u00e0 la confidentialit\u00e9 dues \u00e0 des obligations l\u00e9gales.<\/p>\n<p>Un(e) psychologue doit:<\/p>\n<ul>\n<li>informer une victime potentielle de violence de l\u2019intention d\u2019un(e) client(e) qui fait des menaces contre elle.<\/li>\n<li>prot\u00e9ger un(e) client(e) qui pr\u00e9sente un risque suicidaire.<\/li>\n<li>signaler tout abus ou exploitation d\u2019un(e) jeune \u00e2g\u00e9(e) de moins de 19 ans, d\u2019une personne \u00e2g\u00e9e ou d\u2019une personne handicap\u00e9e.<\/li>\n<li>rapporter tout professionnel de la sant\u00e9 qui abuse ou exploite d\u2019un(e) client(e).<\/li>\n<li>fournir le dossier psychologique si celui-ci est demand\u00e9 par la Cour et doit r\u00e9pondre \u00e0 toute question adress\u00e9e par la Cour pendant un t\u00e9moignage.<\/li>\n<li>r\u00e9pondre \u00e0 toute question adress\u00e9e par le comit\u00e9 disciplinaire du CPNB s\u2019il y a une plainte d\u2019inconduite.<\/li>\n<li>avoir le consentement \u00e9crit des deux parents d\u2019un(e) jeune \u00e2g\u00e9(e) de moins de 16 ans si les parents sont s\u00e9par\u00e9s ou divorc\u00e9s sauf si le parent demandant les services peut fournir les documents l\u00e9gaux n\u00e9cessaires indiquant qu\u2019il\/elle a la garde exclusive. Si les parents se s\u00e9parent une fois que les services psychologiques sont commenc\u00e9s, les sessions ne pourront pas continuer \u00e0 moins d\u2019avoir le consentement \u00e9crit des deux parents.<\/li>\n<\/ul>\n<p>[\/vc_column_text][\/vc_column][\/vc_row]<\/p>\n","protected":false},"excerpt":{"rendered":"<p>[vc_row][vc_column][vc_column_text] Processus de r\u00e9f\u00e9rence et services donn\u00e9s Michelle fournit des services bilingues aux enfants, aux adolescents et aux adultes.\u00a0 Les clients peuvent s\u2019auto-r\u00e9f\u00e9rer en laissant un message t\u00e9l\u00e9phonique, en envoyant un courriel ou en compl\u00e9tant le formulaire en ligne sur notre site web. Les rendez-vous peuvent habituellement \u00eatre fix\u00e9s \u00e0 tous les jours de la <a href=\"http:\/\/mgbpsychology.com\/fr\/services\/\" rel=\"nofollow\"><span class=\"sr-only\">Read more about Services<\/span>[&hellip;]<\/a><\/p>\n","protected":false},"author":1,"featured_media":0,"parent":0,"menu_order":0,"comment_status":"closed","ping_status":"closed","template":"template-fullwidth-no-title.php","meta":{"footnotes":""},"translation":{"provider":"WPGlobus","version":"2.12.2","language":"fr","enabled_languages":["en","fr"],"languages":{"en":{"title":true,"content":true,"excerpt":false},"fr":{"title":false,"content":true,"excerpt":false}}},"_links":{"self":[{"href":"http:\/\/mgbpsychology.com\/fr\/wp-json\/wp\/v2\/pages\/19"}],"collection":[{"href":"http:\/\/mgbpsychology.com\/fr\/wp-json\/wp\/v2\/pages"}],"about":[{"href":"http:\/\/mgbpsychology.com\/fr\/wp-json\/wp\/v2\/types\/page"}],"author":[{"embeddable":true,"href":"http:\/\/mgbpsychology.com\/fr\/wp-json\/wp\/v2\/users\/1"}],"replies":[{"embeddable":true,"href":"http:\/\/mgbpsychology.com\/fr\/wp-json\/wp\/v2\/comments?post=19"}],"version-history":[{"count":20,"href":"http:\/\/mgbpsychology.com\/fr\/wp-json\/wp\/v2\/pages\/19\/revisions"}],"predecessor-version":[{"id":248,"href":"http:\/\/mgbpsychology.com\/fr\/wp-json\/wp\/v2\/pages\/19\/revisions\/248"}],"wp:attachment":[{"href":"http:\/\/mgbpsychology.com\/fr\/wp-json\/wp\/v2\/media?parent=19"}],"curies":[{"name":"wp","href":"https:\/\/api.w.org\/{rel}","templated":true}]}}