{"id":15,"date":"2018-08-17T22:31:47","date_gmt":"2018-08-17T22:31:47","guid":{"rendered":"http:\/\/mgbpsychology.com\/?page_id=15"},"modified":"2025-02-22T08:40:11","modified_gmt":"2025-02-22T12:40:11","slug":"fees-payments","status":"publish","type":"page","link":"http:\/\/mgbpsychology.com\/fr\/fees-payments\/","title":{"rendered":"Fees &#038; Payments"},"content":{"rendered":"<p>[vc_row][vc_column][vc_column_text]<\/p>\n<h2><strong>Frais et paiements<\/strong><\/h2>\n<p>Au Nouveau-Brunswick, les frais encourus pour une consultation psychologique en pratique priv\u00e9e\u00a0<u>ne sont pas<\/u>\u00a0couverts par l\u2019assurance maladie.\u00a0 Toutefois, les psychologues sont approuv\u00e9s comme des professionnels de la sant\u00e9 au N.-B. donc leurs services sont consid\u00e9r\u00e9s comme des d\u00e9penses m\u00e9dicales et peuvent \u00eatre d\u00e9pos\u00e9es en d\u00e9duction de votre revenu imposable.<\/p>\n<p>Les services psychologiques en pratique priv\u00e9e sont couverts par la plupart des\u00a0<u>programmes d\u2019assurance sant\u00e9<\/u>, soit enti\u00e8rement ou partiellement.\u00a0 On vous sugg\u00e8re de vous informer aupr\u00e8s de votre compagnie d\u2019assurances avant de fixer un rendez-vous afin de clarifier votre couverture.\u00a0 Vous pouvez \u00e9galement vous informer sur la n\u00e9cessit\u00e9 d\u2019avoir une prescription d\u2019un m\u00e9decin afin d\u2019avoir un remboursement.<\/p>\n<p>Une certaine couverture de services psychologiques priv\u00e9s peut aussi \u00eatre incluse dans votre\u00a0<u>Programme d\u2019aide aux employ\u00e9s<\/u>\u00a0(PAE).\u00a0 Encore, il est encourag\u00e9 de contacter votre d\u00e9partement des ressources humaines afin de vous informer davantage.<\/p>\n<p>Le co\u00fbt d\u2019une session th\u00e9rapeutique d\u2019une heure avec Michelle est de\u00a0<u>220$<\/u>, des frais qui sont conformes avec ce qui est sugg\u00e9r\u00e9 par le Coll\u00e8ge des psychologues du N.-B (CPNB). Un re\u00e7u avec toutes les informations n\u00e9cessaires sera ensuite \u00e9mis.\u00a0 Il va \u00eatre important de garder ce re\u00e7u original pour toutes r\u00e9clamations aupr\u00e8s de votre assurance sant\u00e9 ou lors des imp\u00f4ts du revenu.<\/p>\n<p>Le paiement pour les services psychologiques doit \u00eatre fait \u00e0 la fin de chacune des sessions.\u00a0 Vous pouvez r\u00e9gler votre facture en payant par argent comptant (montant exacte), par d\u00e9bit ou par cr\u00e9dit (Visa et Mastercard).<\/p>\n<h2><strong>Rendez-vous annul\u00e9s ou manqu\u00e9s<\/strong><\/h2>\n<p>Il est important de noter qu\u2019il y aura des frais encourus pour toutes sessions manqu\u00e9es ou annul\u00e9es moins de 24 heures \u00e0 l\u2019avance si l\u2019annulation n\u2019est pas due \u00e0 une urgence ou \u00e0 la temp\u00e9rature incl\u00e9mente.<\/p>\n<p>Si le bureau doit fermer en raison de temp\u00e9rature incl\u00e9mente, notre message t\u00e9l\u00e9phonique sera chang\u00e9 par 7h00 le matin ou bien aussit\u00f4t que possible si on doit fermer plus tard dans la journ\u00e9e.<\/p>\n<p>Si le bureau doit fermer en raison d\u2019une situation urgente, on communiquera directement avec le\/la client(e) en question par t\u00e9l\u00e9phone ou par courriel.<\/p>\n","protected":false},"excerpt":{"rendered":"<p>[vc_row][vc_column][vc_column_text] Frais et paiements Au Nouveau-Brunswick, les frais encourus pour une consultation psychologique en pratique priv\u00e9e\u00a0ne sont pas\u00a0couverts par l\u2019assurance maladie.\u00a0 Toutefois, les psychologues sont approuv\u00e9s comme des professionnels de la sant\u00e9 au N.-B. donc leurs services sont consid\u00e9r\u00e9s comme des d\u00e9penses m\u00e9dicales et peuvent \u00eatre d\u00e9pos\u00e9es en d\u00e9duction de votre revenu imposable. Les services <a href=\"http:\/\/mgbpsychology.com\/fr\/fees-payments\/\" rel=\"nofollow\"><span class=\"sr-only\">Read more about Fees &#038; Payments<\/span>[&hellip;]<\/a><\/p>\n","protected":false},"author":1,"featured_media":0,"parent":0,"menu_order":0,"comment_status":"closed","ping_status":"closed","template":"template-fullwidth-no-title.php","meta":{"footnotes":""},"translation":{"provider":"WPGlobus","version":"2.12.2","language":"fr","enabled_languages":["en","fr"],"languages":{"en":{"title":true,"content":true,"excerpt":false},"fr":{"title":false,"content":true,"excerpt":false}}},"_links":{"self":[{"href":"http:\/\/mgbpsychology.com\/fr\/wp-json\/wp\/v2\/pages\/15"}],"collection":[{"href":"http:\/\/mgbpsychology.com\/fr\/wp-json\/wp\/v2\/pages"}],"about":[{"href":"http:\/\/mgbpsychology.com\/fr\/wp-json\/wp\/v2\/types\/page"}],"author":[{"embeddable":true,"href":"http:\/\/mgbpsychology.com\/fr\/wp-json\/wp\/v2\/users\/1"}],"replies":[{"embeddable":true,"href":"http:\/\/mgbpsychology.com\/fr\/wp-json\/wp\/v2\/comments?post=15"}],"version-history":[{"count":29,"href":"http:\/\/mgbpsychology.com\/fr\/wp-json\/wp\/v2\/pages\/15\/revisions"}],"predecessor-version":[{"id":321,"href":"http:\/\/mgbpsychology.com\/fr\/wp-json\/wp\/v2\/pages\/15\/revisions\/321"}],"wp:attachment":[{"href":"http:\/\/mgbpsychology.com\/fr\/wp-json\/wp\/v2\/media?parent=15"}],"curies":[{"name":"wp","href":"https:\/\/api.w.org\/{rel}","templated":true}]}}