{"id":13,"date":"2018-08-17T22:31:28","date_gmt":"2018-08-18T01:31:28","guid":{"rendered":"http:\/\/mgbpsychology.com\/?page_id=13"},"modified":"2021-10-04T11:31:38","modified_gmt":"2021-10-04T14:31:38","slug":"contact","status":"publish","type":"page","link":"http:\/\/mgbpsychology.com\/fr\/contact\/","title":{"rendered":"Contact Us"},"content":{"rendered":"<h2>Nous joindre<\/h2>\n<p>Adresse:<br \/>\n650 rue Champlain, suite 201,\u00a0Dieppe, NB, E1A 1P5<\/p>\n<p>Vous pouvez joindre Michelle directement par courriel, t\u00e9l\u00e9copieur, ou par t\u00e9l\u00e9phone. En raison des sessions avec clients, votre message sera retourn\u00e9 dans les plus brefs d\u00e9lais. La bo\u00eete vocale est strictement confidentielle. S\u2019il-vous-pla\u00eet laissez un message d\u00e9taill\u00e9 avec num\u00e9ro de t\u00e9l\u00e9phone. Veuillez \u00e9galement indiquer si c\u2019est acceptable de laisser un message vocal. Si vous avez besoin d\u2019aide imm\u00e9diate, veuillez vous rendre \u00e0 l\u2019h\u00f4pital le plus pr\u00e8s de vous.<\/p>\n<p>T\u00e9l\u00e9phone: (506) 855-1170<br \/>\nT\u00e9l\u00e9copieur: (506) 855-1171<br \/>\nCourriel: <span \n                data-original-string=\"dfpqSP30cYQ\/DpIlaDuVO0xE4bDWi1PVi9UXsONIkDI=\"\n                class=\"apbct-email-encoder\"\n                title=\"This contact has been encoded by Anti-Spam by CleanTalk. Click to decode. To finish the decoding make sure that JavaScript is enabled in your browser.\">in**@mg***********.com<\/span><\/p>\n<h2>Questions<\/h2>\n<p>Si vous avez des questions g\u00e9n\u00e9rales sur les services psychologiques, vous pouvez les soumettre en utilisant le formulaire ci-dessous. Ceux-ci recevront \u00e9galement une r\u00e9ponse dans les plus brefs d\u00e9lais.<\/p>\n<p><strong><code>\n\n<div class=\"pirate_forms_container widget-no\" id=\"pirate_forms_container_default\">\n\t<!-- header -->\n\t\n\t<!-- thank you -->\n\t\n\t<div class=\"pirate_forms_wrap\">\n\t<!-- errors -->\n\t\n\t<!-- form -->\n\n\t\t<form\n\t\t\tmethod=\"post\"\n\t\t\tenctype=\"application\/x-www-form-urlencoded\"\n\t\t\tclass=\"pirate_forms  form_honeypot-on wordpress-nonce-on pirate-forms-contact-name-on pirate-forms-contact-email-on pirate-forms-contact-subject-on pirate-forms-contact-message-on pirate-forms-contact-submit-on pirate_forms_from_form-on\"\n\t\t\t\t\t>\n\t\t\t<div class=\"pirate_forms_three_inputs_wrap \">\n\t\n\n<div class=\"col-lg-4 col-sm-4 form_field_wrap\">\n\t\t<input type=\"text\" class=\"form-control input\" id=\"pirate-forms-contact-name\" name=\"pirate-forms-contact-name\" class=\"\" placeholder=\"Name \/ Nom\" required oninvalid=\"this.setCustomValidity('Enter your name')\" onchange=\"this.setCustomValidity('')\" value=\"\" >\n<\/div>\n\n\n<div class=\"col-lg-4 col-sm-4 form_field_wrap\">\n\t\t<input type=\"email\" class=\"form-control\" id=\"pirate-forms-contact-email\" name=\"pirate-forms-contact-email\" class=\"\" placeholder=\"Email \/ Courriel\" required oninvalid=\"this.setCustomValidity('Enter valid email')\" onchange=\"this.setCustomValidity('')\" value=\"\" >\n<\/div>\n\n\n<div class=\"col-lg-4 col-sm-4 form_field_wrap\">\n\t\t<input type=\"text\" class=\"form-control input\" id=\"pirate-forms-contact-subject\" name=\"pirate-forms-contact-subject\" class=\"\" placeholder=\"Subject \/ Sujet\" required oninvalid=\"this.setCustomValidity('Please enter a subject')\" onchange=\"this.setCustomValidity('')\" value=\"\" >\n<\/div>\n\t\t\t<\/div>\n\n\t\n\n<div class=\"col-lg-12 col-sm-12 form_field_wrap\">\n\t\t<textarea rows=\"5\" cols=\"30\" class=\"form-control input\" id=\"pirate-forms-contact-message\" name=\"pirate-forms-contact-message\" class=\"\" placeholder=\"Your message \/ Votre message\" required oninvalid=\"this.setCustomValidity('Enter your question or comment')\" onchange=\"this.setCustomValidity('')\" ><\/textarea>\n<\/div>\n\n\n<div class=\"col-xs-12 form_field_wrap contact_submit_wrap\">\n\t<button type=\"submit\" class=\"btn btn-primary custom-button red-btn pirate-forms-submit-button\" id=\"pirate-forms-contact-submit\" name=\"pirate-forms-contact-submit\" class=\"pirate-forms-submit-button btn btn-primary \" placeholder=\"\" >Submit \/ Soumettre<\/button>\n<\/div>\n<input type=\"hidden\" id=\"pirate_forms_ajax\" name=\"pirate_forms_ajax\" class=\"\" placeholder=\"\"  value=\"0\"><div class=\"form_field_wrap hidden\" style=\"display: none\"><input type=\"text\" id=\"form_honeypot\" name=\"honeypot\" class=\"\" placeholder=\"\"  value=\"\"><\/div><input type=\"hidden\" id=\"pirate_forms_from_widget\" name=\"pirate_forms_from_widget\" class=\"\" placeholder=\"\"  value=\"0\"><input type=\"hidden\" id=\"wordpress-nonce\" name=\"wordpress-nonce\" class=\"\" placeholder=\"\"  value=\"b7e8a52ab7\"><input type=\"hidden\" id=\"pirate_forms_from_form\" name=\"pirate_forms_from_form\" class=\"\" placeholder=\"\"  value=\"c12715fc25\">\t\t<\/form>\n\n\t\n\t\t<div class=\"pirate_forms_clearfix\"><\/div>\n\t<\/div>\n\n\t<!-- footer -->\n\t\n<\/div>\n<\/code><\/strong><\/p>\n","protected":false},"excerpt":{"rendered":"<p>Nous joindre Adresse: 650 rue Champlain, suite 201,\u00a0Dieppe, NB, E1A 1P5 Vous pouvez joindre Michelle directement par courriel, t\u00e9l\u00e9copieur, ou par t\u00e9l\u00e9phone. En raison des sessions avec clients, votre message sera retourn\u00e9 dans les plus brefs d\u00e9lais. La bo\u00eete vocale est strictement confidentielle. S\u2019il-vous-pla\u00eet laissez un message d\u00e9taill\u00e9 avec num\u00e9ro de t\u00e9l\u00e9phone. Veuillez \u00e9galement indiquer <a href=\"http:\/\/mgbpsychology.com\/fr\/contact\/\" rel=\"nofollow\"><span class=\"sr-only\">Read more about Contact Us<\/span>[&hellip;]<\/a><\/p>\n","protected":false},"author":1,"featured_media":0,"parent":0,"menu_order":0,"comment_status":"closed","ping_status":"closed","template":"template-fullwidth-no-title.php","meta":{"footnotes":""},"translation":{"provider":"WPGlobus","version":"2.12.2","language":"fr","enabled_languages":["en","fr"],"languages":{"en":{"title":true,"content":true,"excerpt":false},"fr":{"title":false,"content":true,"excerpt":false}}},"_links":{"self":[{"href":"http:\/\/mgbpsychology.com\/fr\/wp-json\/wp\/v2\/pages\/13"}],"collection":[{"href":"http:\/\/mgbpsychology.com\/fr\/wp-json\/wp\/v2\/pages"}],"about":[{"href":"http:\/\/mgbpsychology.com\/fr\/wp-json\/wp\/v2\/types\/page"}],"author":[{"embeddable":true,"href":"http:\/\/mgbpsychology.com\/fr\/wp-json\/wp\/v2\/users\/1"}],"replies":[{"embeddable":true,"href":"http:\/\/mgbpsychology.com\/fr\/wp-json\/wp\/v2\/comments?post=13"}],"version-history":[{"count":49,"href":"http:\/\/mgbpsychology.com\/fr\/wp-json\/wp\/v2\/pages\/13\/revisions"}],"predecessor-version":[{"id":304,"href":"http:\/\/mgbpsychology.com\/fr\/wp-json\/wp\/v2\/pages\/13\/revisions\/304"}],"wp:attachment":[{"href":"http:\/\/mgbpsychology.com\/fr\/wp-json\/wp\/v2\/media?parent=13"}],"curies":[{"name":"wp","href":"https:\/\/api.w.org\/{rel}","templated":true}]}}